{"id":627,"date":"2018-09-12T00:47:02","date_gmt":"2018-09-12T00:47:02","guid":{"rendered":"http:\/\/retorna.cl\/wp\/?page_id=627"},"modified":"2019-06-19T10:52:44","modified_gmt":"2019-06-19T10:52:44","slug":"tecnologia","status":"publish","type":"page","link":"https:\/\/retorna.cl\/wp\/tecnologia\/","title":{"rendered":"Capacitaci\u00f3n"},"content":{"rendered":"\n<p>Capacitaci\u00f3n perfiles LEY REP <\/p>\n\n\n\n<h3 class=\"wp-block-heading\"><strong>CURSOS DE RECICLAJE, SUSTENTABILIDAD&nbsp;Y&nbsp;ECOFICIENCIA<\/strong><\/h3>\n\n\n\n<p>Capacitamos a las organizaciones en sustentabilidad y ecoeficiencia.<\/p>\n\n\n\n<p>Hemos innovado en el desarrollo para capacitar a las organizaciones en sustentabilidad, Reciclaje y ecoeficiencia. A trav\u00e9s de nuestros cursos profesionales alineamos a los colaboradores con las estrategias y programas de sustentabilidad de su organizaci\u00f3n, mejoramos el rendimiento de ecoeficiencia de sus procesos, y facilitamos el fidelizaje dentro de la organizaci\u00f3n.<br><\/p>\n\n\n\n<p><\/p>\n\n\n\n<p><strong>PERFILES PARA CERTIFICAR LOS OFICIOS DEL RECICLAJE &nbsp;<\/strong><\/p>\n\n\n\n<ul><li>Asesor\u00edas&nbsp;Cursos y Perfiles de capacitaci\u00f3n Ley de Reciclaje #Ley rep \u201d OFICIOS DEL RECICLAJE<\/li><\/ul>\n\n\n\n<p>Ofrece la realizaci\u00f3n de charlas y talleres dirigidos a todos quienes deseen adquirir conocimientos en temas de reciclaje, comprender la realidad nacional y llevar a cabo pr\u00e1cticas adecuadas de reciclaje de los distintos residuos. Las charlas y talleres est\u00e1n dirigidos a distintos grupos objetivos, entre ellos jardines infantiles, establecimientos educacionales, juntas de vecinos y empresas.<\/p>\n\n\n\n<p>Algunos de los temas tratados en las charlas incluyen:<\/p>\n\n\n\n<ul><li>Qu\u00e9 reciclar y c\u00f3mo hacerlo<\/li><li>Reciclaje de Residuos S\u00f3lidos Domiciliarios<\/li><li>Ley de Reciclaje y Responsabilidad Extendida del Productor<\/li><li>Sistema de recolecci\u00f3n y tratamiento de residuos en Chile<\/li><li>Impacto de las pr\u00e1cticas de reciclaje<\/li><li>Normativas chilenas en temas de residuos<\/li><\/ul>\n\n\n\n<p>En cuanto a las asesor\u00edas que ofrecemos, nos preocupamos de gestionar postulaciones a distintos fondos concursables que tengan relaci\u00f3n con el cuidado del medio ambiente, adem\u00e1s de responsabilizarnos de la gesti\u00f3n y ejecuci\u00f3n de los proyectos.<\/p>\n\n\n\n<p>De igual forma, asesoramos a instituciones y organismos en procesos de certificaci\u00f3n tales como, el Sistema Nacional de Certificaci\u00f3n Ambiental de Establecimientos Educacionales (SNCAE) y el Sistema de Certificaci\u00f3n Ambiental Municipal (SCAM).<\/p>\n\n\n\n<div class=\"wp-block-image\"><figure class=\"aligncenter\"><img decoding=\"async\" src=\"https:\/\/ecocontenedores.cl\/wp-content\/uploads\/2017\/10\/RECILADORES.jpg\" alt=\"\" class=\"wp-image-190\"\/><\/figure><\/div>\n\n\n\n<p>Cuatro nuevos perfiles laborales se encuentran disponibles en nuestro Cat\u00e1logo de Competencias laborales para ser utilizados en procesos de evaluaci\u00f3n y certificaci\u00f3n de trabajadores y trabajadoras del Subsector Servicios de Reciclaje y Eliminaci\u00f3n de Residuos:&nbsp;<em>Reciclador de base<\/em>,&nbsp;<em>Reciclador avanzado<\/em>,&nbsp;<em>Almacenador<\/em>&nbsp;y&nbsp;<em>Administrador de procesos de recolecci\u00f3n y acopio de materiales reciclables.<\/em><\/p>\n\n\n\n<p>Este avance se da en el contexto de la nueva Ley de Reciclaje, en la que se impulsan normativas para mejorar el desempe\u00f1o y las condiciones de trabajo de los recicladores, tomando como punto crucial la certificaci\u00f3n de competencias laborales como mecanismos para formalizar la labor y reconocer su aporte.<\/p>\n\n\n\n<p>Lo anterior se relaciona con el Art\u00edculo 32 de la Ley donde se indica que los recicladores podr\u00e1n acceder a establecer convenios y contratos con empresas para la gesti\u00f3n de sus residuos, para lo cual deber\u00e1n estar debidamente certificados por el Sistema Nacional de Certificaci\u00f3n de Competencias Laborales, ChileValora.<\/p>\n\n\n\n<p>Los nuevos perfiles laborales, fueron construidos tripartitamente por medio del Organismo Sectorial (OSCL) constituido por trabajadores, empleadores y Estado, representados por el Movimiento Nacional de Recicladores de Chile, la Sociedad de Fomento Fabril (SOFOFA), la Asociaci\u00f3n Chilena de Municipalidades, la Municipalidad de Pe\u00f1alol\u00e9n y el Ministerio del Medio Ambiente.<\/p>\n\n\n\n<p>Estos instrumentos, adem\u00e1s de representar la realidad nacional de la labor que realizan los recicladores, apuntan profesionalizar los oficio, estableciendo est\u00e1ndares de seguridad y salud inexistentes hasta la fecha.<\/p>\n\n\n\n<ul><li><strong><em>Qu\u00e9 es un perfil laboral&nbsp;<\/em><\/strong><\/li><\/ul>\n\n\n\n<p>Un perfil es una agrupaci\u00f3n de Unidades de Competencias Laborales (UCL) que describen los conocimientos, habilidades y actitudes relevantes para una determinada ocupaci\u00f3n u oficio, y corresponde a la unidad en base a la cual se eval\u00faa y certifica a un candidato.<\/p>\n\n\n\n<p>Adem\u00e1s, describe el \u00e1mbito dentro del cual se desenvuelve un oficio u ocupaci\u00f3n, el contexto de competencia, referido a las condiciones y situaciones bajo las cuales se desempe\u00f1a la labor.<\/p>\n\n\n\n<p>Este instrumento permite establecer est\u00e1ndares de desempe\u00f1o asociados a una funci\u00f3n espec\u00edfica, los que orientan tanto a los trabajadores acerca de lo que se espera de ellos, como tambi\u00e9n a los empleadores para la contrataci\u00f3n de personal. Permite, tambi\u00e9n, orientar una oferta formativa pertinente con las necesidades de los diferentes sectores y subsectores productivos<\/p>\n\n\n\n<p>A continuaci\u00f3n, conoce los perfiles laborales y sus Unidades de Competencias Laborales (UCL) que describen aquellas funciones a realizar seg\u00fan el oficio para una gesti\u00f3n adecuada de los residuos.<\/p>\n\n\n\n<ul><li><strong><em>Reciclador de base<\/em><\/strong><\/li><\/ul>\n\n\n\n<p>Planificar y ejecutar el proceso de recolecci\u00f3n de materiales reciclables de acuerdo a procedimientos de trabajo, objetivos de venta y medidas de seguridad.<\/p>\n\n\n\n<p>Realizar los procesos de clasificaci\u00f3n y pre-tratamiento manual de los materiales reciclables de acuerdo a los objetivos de venta, requerimientos del comprador y normativa vigente.<\/p>\n\n\n\n<p>Realizar el proceso de venta de materiales reciclables de acuerdo a los objetivos de venta y requerimientos del comprador.<\/p>\n\n\n\n<ul><li><strong><em>Reciclador avanzado<\/em><\/strong><\/li><\/ul>\n\n\n\n<p>Realizar el proceso de recolecci\u00f3n y transporte de materiales reciclables de acuerdo a normativas de higiene, seguridad y medioambientales.<\/p>\n\n\n\n<p>Realizar proceso de pretratamiento mec\u00e1nico de los materiales reciclables de acuerdo a recomendaciones del fabricante y requerimientos de comprador.<\/p>\n\n\n\n<p>Planificar y ejecutar el proceso de comercializaci\u00f3n de materiales reciclables de acuerdo a objetivos y requerimientos comerciales y normativa vigente.<\/p>\n\n\n\n<ul><li><strong><em>Almacenador<\/em><\/strong><\/li><\/ul>\n\n\n\n<p>Realizar actividades de acopio y preparaci\u00f3n de materiales reciclables para su venta de acuerdo a normativa vigente.<\/p>\n\n\n\n<p>Gestionar los procesos de compra y venta de materiales reciclables de acuerdo a objetivos y requerimientos comerciales.<\/p>\n\n\n\n<ul><li><strong><em>Administrador de procesos de recolecci\u00f3n y acopio<\/em><\/strong><\/li><\/ul>\n\n\n\n<p>Realizar actividades de planificaci\u00f3n y coordinaci\u00f3n del proceso de recolecci\u00f3n y acopio de materiales reciclables de acuerdo a normativa vigente.<\/p>\n\n\n\n<p>Dirigir y controlar la ejecuci\u00f3n de las actividades de recolecci\u00f3n y acopio de materiales reciclables de acuerdo a objetivos establecidos y normativa vigente. <\/p>\n\n\n\n<h2 class=\"wp-block-heading\">TEMARIO CURSO RECICLADOR DE BASE <\/h2>\n\n\n\n<h2 class=\"wp-block-heading\" id=\"titulo-curso\">PREPARACI\u00d3N PARA LA EVALUACI\u00d3N Y CERTIFICACI\u00d3N DE COMPETENCIAS LABORALES.- RECICLADOR DE BASE.<\/h2>\n\n\n\n<h3 class=\"wp-block-heading\">Centro de Capacitaci\u00f3n www.retorna.cl <\/h3>\n\n\n\n<p><\/p>\n\n\n\n<h3 class=\"wp-block-heading\">Descripci\u00f3n de Curso <\/h3>\n\n\n\n<p>Al final del cursos el participante podr\u00e1:<br><br>\u2022Conocer la metodolog\u00eda y requisitos del proceso de Competencias Laborales ante organismos certificadores<br><br>\u2022Adquirir nuevas competencias y potenciar las ya existentes referentes a la gesti\u00f3n de residuos, que permitan al Reciclador sortear con \u00e9xito el proceso de Evaluaci\u00f3n y Certificaci\u00f3n de Competencias Laborales.<br><br>\u2022Comprender el Rol del Reciclador de Base en los requerimientos exigidos por la LEY de Responsabilidad Extendida del Productor (Ley REP).<br><br>\u2022Comprender las ventajas que la Seguridad Laboral y asociatividad puede entregar a los recicladores de base.<\/p>\n\n\n\n<p><br><\/p>\n\n\n\n<h3 class=\"wp-block-heading\">Contenidos<\/h3>\n\n\n\n<p>M\u00d3DULO 1: PROCESO DE EVALUACI\u00d3N Y CERTIFICACI\u00d3N DE COMPETENCIAS LABORALES.?<br>\u2022Organismos participantes: Centro de Retorna, Certificadoras, ChileValora, <br>\u2022Proceso de Inscripci\u00f3n.<br>\u2022Proceso de Elegibilidad de los candidatos.<br>\u2022Evidencia Directa: Observaci\u00f3n en terreno, Entrevistas de conocimiento y Retroalimentaci\u00f3n.<br>\u2022Evidencias Indirectas o Hist\u00f3ricas.<br>\u2022Que es un Portafolio de evidencias?<br>\u2022Que significa y cu\u00e1les son los contenidos que se eval\u00faan en cada Unidad de Competencia Laboral (UCL).<br>\u2022An\u00e1lisis y consenso.<br>\u2022Apoyo en Ceremonia De Certificaci\u00f3n<br><br>M\u00d3DULO 2: ACTIVIDADES CLAVE DE CADA UCL.<br><br>\u2022Planificar y ejecutar el proceso de recolecci\u00f3n de materiales reciclables, de acuerdo a procedimientos de trabajo, objetivos de venta y medidas de seguridad.<br>\u2022Realizar el proceso de venta de materiales reciclables, de acuerdo a los objetivos de venta y requerimientos del comprador.<br>\u2022Realizar los procesos de clasificaci\u00f3n y pre-tratamiento manual de los materiales reciclables, de acuerdo a los objetivos de venta, requerimientos del comprador y normativa vigente <br><br>M\u00d3DULO 3: LEY DE RESPONSABILIDAD EXTENDIDA DEL PRODUCTOR<br><br>\u2022Que es la ley REP? <br>\u2022Rol del Reciclador de Base en la Ley REP.<br><br><br>M\u00d3DULO 4: SEGURIDAD Y ASOCIATIVIDAD<br><br>\u2022 Normas de Seguridad laboral \/  Los equipos de protecci\u00f3n personal (<em>EPP<\/em>) <\/p>\n\n\n\n<ul><li>Visita a Terreno planta de reciclaje <\/li><\/ul>\n\n\n\n<p>Ventajas de la asociatividad.<br>\u2022Oportunidades para prestar servicios a potenciales Generadores.<br><br><\/p>\n\n\n\n<h3 class=\"wp-block-heading\">Otros Datos<\/h3>\n\n\n\n<p><strong>\u00c1rea:<\/strong>&nbsp;Saneamiento Y Limpieza<br><strong>Dirigida a:<\/strong>&nbsp;Recicladores de base interesados en certificar sus competencias.<br><strong>Horario  : Diurno <\/strong><br><strong>Horas Te\u00f3ricas:<\/strong>&nbsp;8 |&nbsp;<strong>Horas Pr\u00e1cticas:<\/strong>&nbsp;8 <br><strong>Modalidad:<\/strong>&nbsp;Presencial<br><strong>Valor referencial Curso por persona:<\/strong>&nbsp;$ 120.000  8 HRS <\/p>\n\n\n\n<p><strong><em>mas informaci\u00f3n <\/em><\/strong><\/p>\n\n\n\n<p><\/p>\n\n\n<p>[contact-form-7 id=\u00bb77&#8243; title=\u00bbFormulario de contacto 1&#8243;]<\/p>\n\n\n\n<p><\/p>\n\n\n\n<h2 class=\"wp-block-heading\">Entradas recientes<\/h2>\n\n\n\n<ul><li><a href=\"https:\/\/www.ecocontenedores.cl\/2018\/12\/04\/importancia-de-una-buena-gestion-de-los-desechos-industriales\/\">IMPORTANCIA DE UNA BUENA GESTI\u00d3N DE LOS DESECHOS INDUSTRIALES<\/a><\/li><li><a href=\"https:\/\/www.ecocontenedores.cl\/2018\/12\/04\/apoyamos-tu-campanas-con-contenedores-inteligentes\/\">Apoyamos tus campa\u00f1as con Programas Gratuitos<\/a><\/li><li><a href=\"https:\/\/www.ecocontenedores.cl\/2018\/11\/20\/1208\/\">CAMPA\u00d1A POR UN PUNTO LIMPIO EN MI PLAZA<\/a><\/li><li><a href=\"https:\/\/www.ecocontenedores.cl\/2018\/11\/17\/te-ayudamos-a-postular-fondos-para-el-reciclaje-2019\/\">TE AYUDAMOS A POSTULAR \/ FONDOS PARA EL RECICLAJE 2019<\/a><\/li><li><a href=\"https:\/\/www.ecocontenedores.cl\/2018\/11\/04\/ecocontenedores-de-agua\/\">ECOCONTENEDORES DE AGUA<\/a><\/li><\/ul>\n\n\n\n<h2 class=\"wp-block-heading\">Comentarios recientes<\/h2>\n\n\n\n<ul><li><a href=\"https:\/\/wordpress.org\/\">A WordPress Commenter<\/a>&nbsp;en&nbsp;<a href=\"https:\/\/www.ecocontenedores.cl\/2017\/10\/15\/hello-world\/#comment-1\">Eco Contenedores Industriales<\/a><\/li><\/ul>\n\n\n\n<h2 class=\"wp-block-heading\">Archivos<\/h2>\n\n\n\n<ul><li><a href=\"https:\/\/www.ecocontenedores.cl\/2018\/12\/\">diciembre 2018<\/a><\/li><li><a href=\"https:\/\/www.ecocontenedores.cl\/2018\/11\/\">noviembre 2018<\/a><\/li><li><a href=\"https:\/\/www.ecocontenedores.cl\/2018\/10\/\">octubre 2018<\/a><\/li><li><a href=\"https:\/\/www.ecocontenedores.cl\/2018\/09\/\">septiembre 2018<\/a><\/li><li><a href=\"https:\/\/www.ecocontenedores.cl\/2018\/08\/\">agosto 2018<\/a><\/li><li><a href=\"https:\/\/www.ecocontenedores.cl\/2018\/07\/\">julio 2018<\/a><\/li><li><a href=\"https:\/\/www.ecocontenedores.cl\/2018\/06\/\">junio 2018<\/a><\/li><li><a href=\"https:\/\/www.ecocontenedores.cl\/2018\/05\/\">mayo 2018<\/a><\/li><li><a href=\"https:\/\/www.ecocontenedores.cl\/2018\/04\/\">abril 2018<\/a><\/li><li><a href=\"https:\/\/www.ecocontenedores.cl\/2018\/03\/\">marzo 2018<\/a><\/li><li><a href=\"https:\/\/www.ecocontenedores.cl\/2018\/02\/\">febrero 2018<\/a><\/li><li><a href=\"https:\/\/www.ecocontenedores.cl\/2018\/01\/\">enero 2018<\/a><\/li><li><a href=\"https:\/\/www.ecocontenedores.cl\/2017\/12\/\">diciembre 2017<\/a><\/li><li><a href=\"https:\/\/www.ecocontenedores.cl\/2017\/11\/\">noviembre 2017<\/a><\/li><li><a href=\"https:\/\/www.ecocontenedores.cl\/2017\/10\/\">octubre 2017<\/a><\/li><\/ul>\n\n\n\n<h2 class=\"wp-block-heading\">Categor\u00edas<\/h2>\n\n\n\n<ul><li><a href=\"https:\/\/www.ecocontenedores.cl\/category\/uncategorized\/\">Uncategorized<\/a><\/li><\/ul>\n\n\n\n<h2 class=\"wp-block-heading\">Meta<\/h2>\n\n\n\n<ul><li><a href=\"https:\/\/ecocontenedores.cl\/wp-login.php\">Acceder<\/a><\/li><li><a href=\"https:\/\/www.ecocontenedores.cl\/feed\/\"><abbr title=\"Really Simple Syndication\">RSS<\/abbr>&nbsp;de las entradas<\/a><\/li><li><a href=\"https:\/\/www.ecocontenedores.cl\/comments\/feed\/\"><abbr title=\"Really Simple Syndication\">RSS<\/abbr>&nbsp;de los comentarios<\/a><\/li><li><a href=\"https:\/\/es.wordpress.org\/\">WordPress.org<\/a><\/li><\/ul>\n","protected":false},"excerpt":{"rendered":"<p>Capacitaci\u00f3n perfiles LEY REP CURSOS DE RECICLAJE, SUSTENTABILIDAD&nbsp;Y&nbsp;ECOFICIENCIA Capacitamos a las organizaciones en sustentabilidad y ecoeficiencia. Hemos innovado en el desarrollo para capacitar a las organizaciones en sustentabilidad, Reciclaje y ecoeficiencia. A trav\u00e9s de nuestros cursos profesionales alineamos a los colaboradores con las estrategias y programas de sustentabilidad de su organizaci\u00f3n, mejoramos el rendimiento de &#8230; <a title=\"Capacitaci\u00f3n\" class=\"read-more\" href=\"https:\/\/retorna.cl\/wp\/tecnologia\/\" aria-label=\"Leer m\u00e1s sobre Capacitaci\u00f3n\">Leer m\u00e1s<\/a><\/p>\n","protected":false},"author":1,"featured_media":959,"parent":0,"menu_order":0,"comment_status":"closed","ping_status":"closed","template":"","meta":{"iawp_total_views":335,"footnotes":""},"yoast_head":"<!-- This site is optimized with the Yoast SEO plugin v23.6 - https:\/\/yoast.com\/wordpress\/plugins\/seo\/ -->\n<title>Capacitaci\u00f3n - Retorna<\/title>\n<meta name=\"robots\" content=\"index, follow, max-snippet:-1, max-image-preview:large, max-video-preview:-1\" \/>\n<link rel=\"canonical\" href=\"https:\/\/retorna.cl\/wp\/tecnologia\/\" \/>\n<meta property=\"og:locale\" content=\"es_ES\" \/>\n<meta property=\"og:type\" content=\"article\" \/>\n<meta property=\"og:title\" content=\"Capacitaci\u00f3n - Retorna\" \/>\n<meta property=\"og:description\" content=\"Capacitaci\u00f3n perfiles LEY REP CURSOS DE RECICLAJE, SUSTENTABILIDAD&nbsp;Y&nbsp;ECOFICIENCIA Capacitamos a las organizaciones en sustentabilidad y ecoeficiencia. Hemos innovado en el desarrollo para capacitar a las organizaciones en sustentabilidad, Reciclaje y ecoeficiencia. A trav\u00e9s de nuestros cursos profesionales alineamos a los colaboradores con las estrategias y programas de sustentabilidad de su organizaci\u00f3n, mejoramos el rendimiento de ... Leer m\u00e1s\" \/>\n<meta property=\"og:url\" content=\"https:\/\/retorna.cl\/wp\/tecnologia\/\" \/>\n<meta property=\"og:site_name\" content=\"Retorna\" \/>\n<meta property=\"article:modified_time\" content=\"2019-06-19T10:52:44+00:00\" \/>\n<meta property=\"og:image\" content=\"https:\/\/retorna.cl\/wp\/wp-content\/uploads\/2019\/06\/cursorecicladordebase.jpg\" \/>\n\t<meta property=\"og:image:width\" content=\"290\" \/>\n\t<meta property=\"og:image:height\" content=\"250\" \/>\n\t<meta property=\"og:image:type\" content=\"image\/jpeg\" \/>\n<meta name=\"twitter:card\" content=\"summary_large_image\" \/>\n<meta name=\"twitter:label1\" content=\"Tiempo de lectura\" \/>\n\t<meta name=\"twitter:data1\" content=\"7 minutos\" \/>\n<script type=\"application\/ld+json\" class=\"yoast-schema-graph\">{\"@context\":\"https:\/\/schema.org\",\"@graph\":[{\"@type\":\"WebPage\",\"@id\":\"https:\/\/retorna.cl\/wp\/tecnologia\/\",\"url\":\"https:\/\/retorna.cl\/wp\/tecnologia\/\",\"name\":\"Capacitaci\u00f3n - Retorna\",\"isPartOf\":{\"@id\":\"https:\/\/retorna.cl\/wp\/#website\"},\"primaryImageOfPage\":{\"@id\":\"https:\/\/retorna.cl\/wp\/tecnologia\/#primaryimage\"},\"image\":{\"@id\":\"https:\/\/retorna.cl\/wp\/tecnologia\/#primaryimage\"},\"thumbnailUrl\":\"https:\/\/retorna.cl\/wp\/wp-content\/uploads\/2019\/06\/cursorecicladordebase.jpg\",\"datePublished\":\"2018-09-12T00:47:02+00:00\",\"dateModified\":\"2019-06-19T10:52:44+00:00\",\"breadcrumb\":{\"@id\":\"https:\/\/retorna.cl\/wp\/tecnologia\/#breadcrumb\"},\"inLanguage\":\"es\",\"potentialAction\":[{\"@type\":\"ReadAction\",\"target\":[\"https:\/\/retorna.cl\/wp\/tecnologia\/\"]}]},{\"@type\":\"ImageObject\",\"inLanguage\":\"es\",\"@id\":\"https:\/\/retorna.cl\/wp\/tecnologia\/#primaryimage\",\"url\":\"https:\/\/retorna.cl\/wp\/wp-content\/uploads\/2019\/06\/cursorecicladordebase.jpg\",\"contentUrl\":\"https:\/\/retorna.cl\/wp\/wp-content\/uploads\/2019\/06\/cursorecicladordebase.jpg\",\"width\":290,\"height\":250},{\"@type\":\"BreadcrumbList\",\"@id\":\"https:\/\/retorna.cl\/wp\/tecnologia\/#breadcrumb\",\"itemListElement\":[{\"@type\":\"ListItem\",\"position\":1,\"name\":\"Portada\",\"item\":\"https:\/\/retorna.cl\/wp\/\"},{\"@type\":\"ListItem\",\"position\":2,\"name\":\"Capacitaci\u00f3n\"}]},{\"@type\":\"WebSite\",\"@id\":\"https:\/\/retorna.cl\/wp\/#website\",\"url\":\"https:\/\/retorna.cl\/wp\/\",\"name\":\"Retorna\",\"description\":\"Ingenieria en Residuos Basureros para reciclaje y Soluciones, Consultorias y m\u00e1quinas de reciclaje\",\"publisher\":{\"@id\":\"https:\/\/retorna.cl\/wp\/#organization\"},\"potentialAction\":[{\"@type\":\"SearchAction\",\"target\":{\"@type\":\"EntryPoint\",\"urlTemplate\":\"https:\/\/retorna.cl\/wp\/?s={search_term_string}\"},\"query-input\":{\"@type\":\"PropertyValueSpecification\",\"valueRequired\":true,\"valueName\":\"search_term_string\"}}],\"inLanguage\":\"es\"},{\"@type\":\"Organization\",\"@id\":\"https:\/\/retorna.cl\/wp\/#organization\",\"name\":\"ECOCONTENEDORES - RETORNA\",\"url\":\"https:\/\/retorna.cl\/wp\/\",\"logo\":{\"@type\":\"ImageObject\",\"inLanguage\":\"es\",\"@id\":\"https:\/\/retorna.cl\/wp\/#\/schema\/logo\/image\/\",\"url\":\"http:\/\/retorna.cl\/wp\/wp-content\/uploads\/2017\/12\/logoretorna.png\",\"contentUrl\":\"http:\/\/retorna.cl\/wp\/wp-content\/uploads\/2017\/12\/logoretorna.png\",\"width\":704,\"height\":186,\"caption\":\"ECOCONTENEDORES - RETORNA\"},\"image\":{\"@id\":\"https:\/\/retorna.cl\/wp\/#\/schema\/logo\/image\/\"}}]}<\/script>\n<!-- \/ Yoast SEO plugin. -->","yoast_head_json":{"title":"Capacitaci\u00f3n - Retorna","robots":{"index":"index","follow":"follow","max-snippet":"max-snippet:-1","max-image-preview":"max-image-preview:large","max-video-preview":"max-video-preview:-1"},"canonical":"https:\/\/retorna.cl\/wp\/tecnologia\/","og_locale":"es_ES","og_type":"article","og_title":"Capacitaci\u00f3n - Retorna","og_description":"Capacitaci\u00f3n perfiles LEY REP CURSOS DE RECICLAJE, SUSTENTABILIDAD&nbsp;Y&nbsp;ECOFICIENCIA Capacitamos a las organizaciones en sustentabilidad y ecoeficiencia. Hemos innovado en el desarrollo para capacitar a las organizaciones en sustentabilidad, Reciclaje y ecoeficiencia. A trav\u00e9s de nuestros cursos profesionales alineamos a los colaboradores con las estrategias y programas de sustentabilidad de su organizaci\u00f3n, mejoramos el rendimiento de ... Leer m\u00e1s","og_url":"https:\/\/retorna.cl\/wp\/tecnologia\/","og_site_name":"Retorna","article_modified_time":"2019-06-19T10:52:44+00:00","og_image":[{"width":290,"height":250,"url":"https:\/\/retorna.cl\/wp\/wp-content\/uploads\/2019\/06\/cursorecicladordebase.jpg","type":"image\/jpeg"}],"twitter_card":"summary_large_image","twitter_misc":{"Tiempo de lectura":"7 minutos"},"schema":{"@context":"https:\/\/schema.org","@graph":[{"@type":"WebPage","@id":"https:\/\/retorna.cl\/wp\/tecnologia\/","url":"https:\/\/retorna.cl\/wp\/tecnologia\/","name":"Capacitaci\u00f3n - Retorna","isPartOf":{"@id":"https:\/\/retorna.cl\/wp\/#website"},"primaryImageOfPage":{"@id":"https:\/\/retorna.cl\/wp\/tecnologia\/#primaryimage"},"image":{"@id":"https:\/\/retorna.cl\/wp\/tecnologia\/#primaryimage"},"thumbnailUrl":"https:\/\/retorna.cl\/wp\/wp-content\/uploads\/2019\/06\/cursorecicladordebase.jpg","datePublished":"2018-09-12T00:47:02+00:00","dateModified":"2019-06-19T10:52:44+00:00","breadcrumb":{"@id":"https:\/\/retorna.cl\/wp\/tecnologia\/#breadcrumb"},"inLanguage":"es","potentialAction":[{"@type":"ReadAction","target":["https:\/\/retorna.cl\/wp\/tecnologia\/"]}]},{"@type":"ImageObject","inLanguage":"es","@id":"https:\/\/retorna.cl\/wp\/tecnologia\/#primaryimage","url":"https:\/\/retorna.cl\/wp\/wp-content\/uploads\/2019\/06\/cursorecicladordebase.jpg","contentUrl":"https:\/\/retorna.cl\/wp\/wp-content\/uploads\/2019\/06\/cursorecicladordebase.jpg","width":290,"height":250},{"@type":"BreadcrumbList","@id":"https:\/\/retorna.cl\/wp\/tecnologia\/#breadcrumb","itemListElement":[{"@type":"ListItem","position":1,"name":"Portada","item":"https:\/\/retorna.cl\/wp\/"},{"@type":"ListItem","position":2,"name":"Capacitaci\u00f3n"}]},{"@type":"WebSite","@id":"https:\/\/retorna.cl\/wp\/#website","url":"https:\/\/retorna.cl\/wp\/","name":"Retorna","description":"Ingenieria en Residuos Basureros para reciclaje y Soluciones, Consultorias y m\u00e1quinas de reciclaje","publisher":{"@id":"https:\/\/retorna.cl\/wp\/#organization"},"potentialAction":[{"@type":"SearchAction","target":{"@type":"EntryPoint","urlTemplate":"https:\/\/retorna.cl\/wp\/?s={search_term_string}"},"query-input":{"@type":"PropertyValueSpecification","valueRequired":true,"valueName":"search_term_string"}}],"inLanguage":"es"},{"@type":"Organization","@id":"https:\/\/retorna.cl\/wp\/#organization","name":"ECOCONTENEDORES - RETORNA","url":"https:\/\/retorna.cl\/wp\/","logo":{"@type":"ImageObject","inLanguage":"es","@id":"https:\/\/retorna.cl\/wp\/#\/schema\/logo\/image\/","url":"http:\/\/retorna.cl\/wp\/wp-content\/uploads\/2017\/12\/logoretorna.png","contentUrl":"http:\/\/retorna.cl\/wp\/wp-content\/uploads\/2017\/12\/logoretorna.png","width":704,"height":186,"caption":"ECOCONTENEDORES - RETORNA"},"image":{"@id":"https:\/\/retorna.cl\/wp\/#\/schema\/logo\/image\/"}}]}},"_links":{"self":[{"href":"https:\/\/retorna.cl\/wp\/wp-json\/wp\/v2\/pages\/627"}],"collection":[{"href":"https:\/\/retorna.cl\/wp\/wp-json\/wp\/v2\/pages"}],"about":[{"href":"https:\/\/retorna.cl\/wp\/wp-json\/wp\/v2\/types\/page"}],"author":[{"embeddable":true,"href":"https:\/\/retorna.cl\/wp\/wp-json\/wp\/v2\/users\/1"}],"replies":[{"embeddable":true,"href":"https:\/\/retorna.cl\/wp\/wp-json\/wp\/v2\/comments?post=627"}],"version-history":[{"count":22,"href":"https:\/\/retorna.cl\/wp\/wp-json\/wp\/v2\/pages\/627\/revisions"}],"predecessor-version":[{"id":963,"href":"https:\/\/retorna.cl\/wp\/wp-json\/wp\/v2\/pages\/627\/revisions\/963"}],"wp:featuredmedia":[{"embeddable":true,"href":"https:\/\/retorna.cl\/wp\/wp-json\/wp\/v2\/media\/959"}],"wp:attachment":[{"href":"https:\/\/retorna.cl\/wp\/wp-json\/wp\/v2\/media?parent=627"}],"curies":[{"name":"wp","href":"https:\/\/api.w.org\/{rel}","templated":true}]}}